{"id":6741,"date":"2022-09-30T12:28:48","date_gmt":"2022-09-30T10:28:48","guid":{"rendered":"https:\/\/www.levoyagedeskoumoul.fr\/?page_id=6741"},"modified":"2022-10-02T11:40:00","modified_gmt":"2022-10-02T09:40:00","slug":"acceuil-backup","status":"publish","type":"page","link":"https:\/\/www.levoyagedeskoumoul.fr\/","title":{"rendered":"Acceuil backup"},"content":{"rendered":"<div  class=\"one fullwidth \">\n<div id=\"rev_slider_1_1_wrapper\" class=\"rev_slider_wrapper fullwidthbanner-container\" data-alias=\"AccueilSlider\" data-source=\"gallery\" style=\"margin:0px auto;background:transparent;padding:0px;margin-top:0px;margin-bottom:0px;\">\n<!-- START REVOLUTION SLIDER 5.4.8.1 fullwidth mode --><\/p>\n<div id=\"rev_slider_1_1\" class=\"rev_slider fullwidthabanner\" style=\"display:none;\" data-version=\"5.4.8.1\">\n<ul>\t<!-- SLIDE  --><\/p>\n<li data-index=\"rs-1\" data-transition=\"fade\" data-slotamount=\"default\" data-hideafterloop=\"0\" data-hideslideonmobile=\"off\"  data-easein=\"default\" data-easeout=\"default\" data-masterspeed=\"300\"  data-rotate=\"0\"  data-saveperformance=\"off\"  data-title=\"Slide\" data-param1=\"\" data-param2=\"\" data-param3=\"\" data-param4=\"\" data-param5=\"\" data-param6=\"\" data-param7=\"\" data-param8=\"\" data-param9=\"\" data-param10=\"\" data-description=\"\">\n\t\t<!-- MAIN IMAGE --><br \/>\n\t\t<img decoding=\"async\" src=\"https:\/\/img.youtube.com\/vi\/laKVsfDwM_0\/maxresdefault.jpg\"  alt=\"\" title=\"Acceuil backup\"  data-bgposition=\"center center\" data-bgfit=\"cover\" class=\"rev-slidebg\" data-no-retina><br \/>\n\t\t<!-- LAYERS --><\/p>\n<p>\t\t<!-- BACKGROUND VIDEO LAYER --><\/p>\n<div class=\"rs-background-video-layer\" \n\t\t\tdata-forcerewind=\"on\" \n\t\t\tdata-volume=\"mute\" \n\t\t\tdata-ytid=\"laKVsfDwM_0\" \n\t\t\tdata-videoattributes=\"version=3&amp;enablejsapi=1&amp;html5=1&amp;hd=1&#038;wmode=opaque&#038;showinfo=0&#038;rel=0;;origin=https:\/\/www.levoyagedeskoumoul.fr;\" \n\t\t\tdata-videorate=\"1\" \n\t\t\tdata-videowidth=\"100%\" \n\t\t\tdata-videoheight=\"100%\" \n\t\t\tdata-videocontrols=\"none\" \n\t\t\tdata-videostartat=\"00:01\" \n\t\t\tdata-videoendat=\"4:00\" \n\t\t\tdata-videoloop=\"loopandnoslidestop\" \n\t\t\tdata-forceCover=\"1\" \n\t\t\tdata-aspectratio=\"16:9\" \n\t\t\tdata-autoplay=\"true\" \n\t\t\tdata-autoplayonlyfirsttime=\"false\" \n><\/div>\n<p>\t\t<!-- LAYER NR. 1 --><\/p>\n<div class=\"tp-caption   tp-resizeme tp-svg-layer\" \n\t\t\t id=\"slide-1-layer-1\" \n\t\t\t data-x=\"center\" data-hoffset=\"\" \n\t\t\t data-y=\"757\" \n\t\t\t\t\t\tdata-width=\"['79']\"\n\t\t\tdata-height=\"['79']\"\n \n\t\t\tdata-type=\"svg\" \n\t\t\tdata-svg_src=\"https:\/\/www.levoyagedeskoumoul.fr\/wp-content\/plugins\/revslider\/public\/assets\/assets\/svg\/navigation\/ic_arrow_downward_24px.svg\" \n\t\t\tdata-svg_idle=\"sc:transparent;sw:0;sda:0;sdo:0;\" \n\t\t\tdata-responsive_offset=\"on\" \n\n\t\t\tdata-frames='[{\"delay\":0,\"speed\":300,\"frame\":\"0\",\"from\":\"opacity:0;\",\"to\":\"o:1;\",\"ease\":\"Power3.easeInOut\"},{\"delay\":\"wait\",\"speed\":300,\"frame\":\"999\",\"to\":\"opacity:0;\",\"ease\":\"Power3.easeInOut\"}]'\n\t\t\tdata-textAlign=\"['inherit','inherit','inherit','inherit']\"\n\t\t\tdata-paddingtop=\"[0,0,0,0]\"\n\t\t\tdata-paddingright=\"[0,0,0,0]\"\n\t\t\tdata-paddingbottom=\"[0,0,0,0]\"\n\t\t\tdata-paddingleft=\"[0,0,0,0]\"\n\n\t\t\tstyle=\"z-index: 5; min-width: 79px; max-width: 79px; max-width: 79px; max-width: 79px; color: #ffffff;\"> <\/div>\n<\/li>\n<\/ul>\n<div class=\"tp-bannertimer tp-bottom\" style=\"visibility: hidden !important;\"><\/div>\n<\/p><\/div>\n<style><\/style>\n<p>\t\t<script type=\"text\/javascript\">\nif (setREVStartSize!==undefined) setREVStartSize(\n\t{c: '#rev_slider_1_1', gridwidth: [1240], gridheight: [868], sliderLayout: 'fullwidth'});<\/p>\n<p>var revapi1,\n\ttpj;\t\n(function() {\t\t\t\n\tif (!\/loaded|interactive|complete\/.test(document.readyState)) document.addEventListener(\"DOMContentLoaded\",onLoad); else onLoad();\t\n\tfunction onLoad() {\t\t\t\t\n\t\tif (tpj===undefined) { tpj = jQuery; if(\"off\" == \"on\") tpj.noConflict();}\n\tif(tpj(\"#rev_slider_1_1\").revolution == undefined){\n\t\trevslider_showDoubleJqueryError(\"#rev_slider_1_1\");\n\t}else{\n\t\trevapi1 = tpj(\"#rev_slider_1_1\").show().revolution({\n\t\t\tsliderType:\"hero\",\n\t\t\tjsFileLocation:\"\/\/www.levoyagedeskoumoul.fr\/wp-content\/plugins\/revslider\/public\/assets\/js\/\",\n\t\t\tsliderLayout:\"fullwidth\",\n\t\t\tdottedOverlay:\"none\",\n\t\t\tdelay:9000,\n\t\t\tvisibilityLevels:[1240,1024,778,480],\n\t\t\tgridwidth:1240,\n\t\t\tgridheight:868,\n\t\t\tlazyType:\"none\",\n\t\t\tshadow:0,\n\t\t\tspinner:\"spinner0\",\n\t\t\tautoHeight:\"off\",\n\t\t\tdisableProgressBar:\"on\",\n\t\t\thideThumbsOnMobile:\"off\",\n\t\t\thideSliderAtLimit:0,\n\t\t\thideCaptionAtLimit:0,\n\t\t\thideAllCaptionAtLilmit:0,\n\t\t\tdebugMode:false,\n\t\t\tfallbacks: {\n\t\t\t\tsimplifyAll:\"off\",\n\t\t\t\tdisableFocusListener:false,\n\t\t\t}\n\t\t});\n\t}; \/* END OF revapi call *\/<\/p>\n<p> }; \/* END OF ON LOAD FUNCTION *\/\n}()); \/* END OF WRAPPING FUNCTION *\/\n<\/script>\n\t\t<\/div>\n<p><!-- END REVOLUTION SLIDER --><\/div>\n<div  class=\"one withsmallpadding ppb_header bg_gradient withbg \" style=\"background-image:url(https:\/\/www.levoyagedeskoumoul.fr\/wp-content\/uploads\/2019\/01\/vlcsnap-2017-11-08-09h30m41s531.jpg);background-position: center top;text-align:left;padding:300px 0 300px 0;color:#ffffff;\" >\n<div class=\"standard_wrapper\">\n<div class=\"page_content_wrapper\">\n<div class=\"inner\">\n<div style=\"width:60%;\">\n<h2 class=\"ppb_title\" style=\"color:#ffffff;\">La nature vue du ciel<\/h2>\n<hr class=\"title_break left\" style=\"border-color:#ffffff;\"\/>\n<div class=\"ppb_header_content\">\n<p>De Bretagne et d&rsquo;ailleurs<\/p>\n<\/div>\n<\/div>\n<\/div>\n<\/div>\n<\/div>\n<\/div>\n<div  class=\"one\" style=\"padding:0px 0 0px 0;\" >\n<div class=\"page_content_wrapper withbg bg_gradient \" style=\"background-image:url(https:\/\/www.levoyagedeskoumoul.fr\/wp-content\/uploads\/2019\/01\/25319635_10154802726706673_122388625_o.jpg);background-size:cover;background-position:center top;height:700px;position:relative;\"><\/div>\n<\/div>\n<div  class=\"one withsmallpadding ppb_text\" style=\"text-align:center;padding:60px 0 60px 0;\" >\n<div class=\"standard_wrapper\">\n<div class=\"page_content_wrapper\">\n<div class=\"inner\">\n<div style=\"margin:auto;width:60%\">\n<p><span style=\"text-transform:uppercase;font-size:24px;\">Qui sommes-nous ?<\/span><\/p>\n<div style=\"margin-top:15px;\">\n<h3>Le Voyage des Koumoul c&rsquo;est le projet de deux passionn\u00e9s de photographie, de nature et de vid\u00e9os : Nicolas et William<\/h3>\n<\/div>\n<div style=\"margin-top:15px;\">\n<h3>Notre but est d&rsquo;aider les organismes de protection de la Nature de Bretagne et d&rsquo;ailleurs.<\/h3>\n<\/div>\n<div style=\"margin-top:15px;\">\n<h3>Pour ce faire, nous r\u00e9alisons des vid\u00e9os a\u00e9riennes pour promouvoir des lieux naturels prot\u00e9g\u00e9s.<\/h3>\n<\/div>\n<\/div>\n<\/div>\n<\/div>\n<\/div>\n<\/div>\n<div  class=\"ppb_content_bg one_half_bg withsmallpadding withbg \" style=\"background-image:url(https:\/\/www.levoyagedeskoumoul.fr\/wp-content\/uploads\/2019\/01\/DJI_0222-HDR-3.jpg);background-position: center center;height: 600px;\" >\n<div class=\"ppb_background_overlay\" style=\"background:#000000;background:rgb(0,0,0,0.1);background:rgba(0,0,0,0.1);color:#ffffff;\"><\/div>\n<div class=\"ppb_content_bg_content\" style=\"padding:30px;text-align:left;\">\n<h2 class=\"ppb_content_bg_title\" style=\"color:#ffffff;\">Le Finist\u00e8re<\/h2>\n<div class=\"ppb_content_bg_subtitle\" style=\"color:#ffffff;\">Phare de l&#039;\u00eele Vierge, Bretagne, France<\/div>\n<\/div>\n<\/div>\n<div  class=\"ppb_content_bg one_half_bg withsmallpadding withbg \" style=\"background-image:url(https:\/\/www.levoyagedeskoumoul.fr\/wp-content\/uploads\/2019\/01\/14-Baneras-Reales.jpg);background-position: center center;height: 600px;\" >\n<div class=\"ppb_background_overlay\" style=\"background:#000000;background:rgb(0,0,0,0.1);background:rgba(0,0,0,0.1);color:#ffffff;\"><\/div>\n<div class=\"ppb_content_bg_content\" style=\"padding:30px;text-align:right;\">\n<h2 class=\"ppb_content_bg_title\" style=\"color:#ffffff;\">L&#039;Espagne<\/h2>\n<div class=\"ppb_content_bg_subtitle\" style=\"color:#ffffff;\">D\u00e9sert de Bardenas Reales, Nord de Madrid, Espagne.<\/div>\n<\/div>\n<\/div>\n<div  class=\"ppb_content_bg one_half_bg withsmallpadding withbg \" style=\"background-image:url(https:\/\/www.levoyagedeskoumoul.fr\/wp-content\/uploads\/2019\/01\/Gu\u00e9rande.jpg);background-position: center center;height: 600px;\" >\n<div class=\"ppb_background_overlay\" style=\"background:#000000;background:rgb(0,0,0,0.1);background:rgba(0,0,0,0.1);color:#ffffff;\"><\/div>\n<div class=\"ppb_content_bg_content\" style=\"padding:30px;text-align:left;\">\n<h2 class=\"ppb_content_bg_title\" style=\"color:#ffffff;\">La Loire-Atlantique<\/h2>\n<div class=\"ppb_content_bg_subtitle\" style=\"color:#ffffff;\">Marais salants de Gu\u00e9rande, Loire-Atlantique, France<\/div>\n<\/div>\n<\/div>\n<div  class=\"ppb_content_bg one_half_bg withsmallpadding withbg \" style=\"background-image:url(https:\/\/www.levoyagedeskoumoul.fr\/wp-content\/uploads\/2019\/01\/07-N\u00e9ouvielle.jpg);background-position: center center;height: 600px;\" >\n<div class=\"ppb_background_overlay\" style=\"background:#000000;background:rgb(0,0,0,0.1);background:rgba(0,0,0,0.1);color:#ffffff;\"><\/div>\n<div class=\"ppb_content_bg_content\" style=\"padding:30px;text-align:right;\">\n<h2 class=\"ppb_content_bg_title\" style=\"color:#ffffff;\">Les Pyr\u00e9nn\u00e9es<\/h2>\n<div class=\"ppb_content_bg_subtitle\" style=\"color:#ffffff;\">R\u00e9serve naturelle de N\u00e9ouvielle, Pyr\u00e9nn\u00e9es, France<\/div>\n<\/div>\n<\/div>\n<div  class=\"one withsmallpadding ppb_header withbg \" style=\"background-image:url(https:\/\/www.levoyagedeskoumoul.fr\/wp-content\/uploads\/2019\/01\/vlcsnap-2018-04-24-11h49m46s457.jpg);background-position: center top;text-align:left;padding:300px 0 300px 0;color:#ffffff;\" >\n<div class=\"standard_wrapper\">\n<div class=\"page_content_wrapper\">\n<div class=\"inner\">\n<div style=\"width:60%;\">\n<h2 class=\"ppb_title\" style=\"color:#ffffff;\">Venez Voyager<\/h2>\n<hr class=\"title_break left\" style=\"border-color:#ffffff;\"\/>\n<div class=\"ppb_header_content\">\n<p>Pour appr\u00e9cier le Voyage des Koumoul en haute d\u00e9finition 4K, on vous donne rendez-vous sur notre cha\u00eene youtube.<\/p>\n<div style=\"margin-top: 20px;\"><a class=\"button\" href=\"https:\/\/www.youtube.com\/c\/levoyagedeskoumoul\/\">Youtube<\/a><\/div>\n<\/div>\n<\/div>\n<\/div>\n<\/div>\n<\/div>\n<\/div>\n","protected":false},"excerpt":{"rendered":"","protected":false},"author":1,"featured_media":0,"parent":0,"menu_order":0,"comment_status":"closed","ping_status":"closed","template":"","meta":[],"yoast_head":"<!-- This site is optimized with the Yoast SEO plugin v19.7.1 - https:\/\/yoast.com\/wordpress\/plugins\/seo\/ -->\n<title>Site web du Voyage des Koumoul - Vues a\u00e9riennes de nature<\/title>\n<meta name=\"description\" content=\"Nature vue du ciel de Bretagne et d&#039;ailleurs. Le Voyage des Koumoul, une association de vid\u00e9astes ayant pour but d&#039;aider les organismes environnementaux.\" \/>\n<meta name=\"robots\" content=\"index, follow, max-snippet:-1, max-image-preview:large, max-video-preview:-1\" \/>\n<link rel=\"canonical\" href=\"https:\/\/www.levoyagedeskoumoul.fr\/\" \/>\n<meta property=\"og:locale\" content=\"en_US\" \/>\n<meta property=\"og:type\" content=\"article\" \/>\n<meta property=\"og:title\" content=\"Site web du Voyage des Koumoul - Vues a\u00e9riennes de nature\" \/>\n<meta property=\"og:description\" content=\"Nature vue du ciel de Bretagne et d&#039;ailleurs. Le Voyage des Koumoul, une association de vid\u00e9astes ayant pour but d&#039;aider les organismes environnementaux.\" \/>\n<meta property=\"og:url\" content=\"https:\/\/www.levoyagedeskoumoul.fr\/\" \/>\n<meta property=\"og:site_name\" content=\"Le Voyage des Koumoul\" \/>\n<meta property=\"article:publisher\" content=\"https:\/\/www.facebook.com\/levoyagedeskoumoul\/\" \/>\n<meta property=\"article:modified_time\" content=\"2022-10-02T09:40:00+00:00\" \/>\n<meta property=\"og:image\" content=\"https:\/\/img.youtube.com\/vi\/laKVsfDwM_0\/maxresdefault.jpg\" \/>\n<meta name=\"twitter:card\" content=\"summary_large_image\" \/>\n<meta name=\"twitter:site\" content=\"@voyagekoumoul\" \/>\n<meta name=\"twitter:label1\" content=\"Est. reading time\" \/>\n\t<meta name=\"twitter:data1\" content=\"2 minutes\" \/>\n<script type=\"application\/ld+json\" class=\"yoast-schema-graph\">{\"@context\":\"https:\/\/schema.org\",\"@graph\":[{\"@type\":\"WebPage\",\"@id\":\"https:\/\/www.levoyagedeskoumoul.fr\/\",\"url\":\"https:\/\/www.levoyagedeskoumoul.fr\/\",\"name\":\"Site web du Voyage des Koumoul - Vues a\u00e9riennes de nature\",\"isPartOf\":{\"@id\":\"https:\/\/www.levoyagedeskoumoul.fr\/#website\"},\"datePublished\":\"2022-09-30T10:28:48+00:00\",\"dateModified\":\"2022-10-02T09:40:00+00:00\",\"description\":\"Nature vue du ciel de Bretagne et d'ailleurs. Le Voyage des Koumoul, une association de vid\u00e9astes ayant pour but d'aider les organismes environnementaux.\",\"breadcrumb\":{\"@id\":\"https:\/\/www.levoyagedeskoumoul.fr\/#breadcrumb\"},\"inLanguage\":\"en-US\",\"potentialAction\":[{\"@type\":\"ReadAction\",\"target\":[\"https:\/\/www.levoyagedeskoumoul.fr\/\"]}]},{\"@type\":\"BreadcrumbList\",\"@id\":\"https:\/\/www.levoyagedeskoumoul.fr\/#breadcrumb\",\"itemListElement\":[{\"@type\":\"ListItem\",\"position\":1,\"name\":\"Accueil\",\"item\":\"https:\/\/www.levoyagedeskoumoul.fr\/\"},{\"@type\":\"ListItem\",\"position\":2,\"name\":\"Acceuil backup\"}]},{\"@type\":\"WebSite\",\"@id\":\"https:\/\/www.levoyagedeskoumoul.fr\/#website\",\"url\":\"https:\/\/www.levoyagedeskoumoul.fr\/\",\"name\":\"Le Voyage des Koumoul\",\"description\":\"La Nature vue du Ciel\",\"publisher\":{\"@id\":\"https:\/\/www.levoyagedeskoumoul.fr\/#organization\"},\"potentialAction\":[{\"@type\":\"SearchAction\",\"target\":{\"@type\":\"EntryPoint\",\"urlTemplate\":\"https:\/\/www.levoyagedeskoumoul.fr\/?s={search_term_string}\"},\"query-input\":\"required name=search_term_string\"}],\"inLanguage\":\"en-US\"},{\"@type\":\"Organization\",\"@id\":\"https:\/\/www.levoyagedeskoumoul.fr\/#organization\",\"name\":\"Le Voyage des Koumoul\",\"url\":\"https:\/\/www.levoyagedeskoumoul.fr\/\",\"sameAs\":[\"https:\/\/www.youtube.com\/c\/levoyagedeskoumoul\",\"https:\/\/www.facebook.com\/levoyagedeskoumoul\/\",\"https:\/\/twitter.com\/voyagekoumoul\"],\"logo\":{\"@type\":\"ImageObject\",\"inLanguage\":\"en-US\",\"@id\":\"https:\/\/www.levoyagedeskoumoul.fr\/#\/schema\/logo\/image\/\",\"url\":\"https:\/\/www.levoyagedeskoumoul.fr\/wp-content\/uploads\/2019\/01\/LogoNoirKoumoul-e1546469214306.png\",\"contentUrl\":\"https:\/\/www.levoyagedeskoumoul.fr\/wp-content\/uploads\/2019\/01\/LogoNoirKoumoul-e1546469214306.png\",\"width\":187,\"height\":133,\"caption\":\"Le Voyage des Koumoul\"},\"image\":{\"@id\":\"https:\/\/www.levoyagedeskoumoul.fr\/#\/schema\/logo\/image\/\"}}]}<\/script>\n<!-- \/ Yoast SEO plugin. -->","yoast_head_json":{"title":"Site web du Voyage des Koumoul - Vues a\u00e9riennes de nature","description":"Nature vue du ciel de Bretagne et d'ailleurs. Le Voyage des Koumoul, une association de vid\u00e9astes ayant pour but d'aider les organismes environnementaux.","robots":{"index":"index","follow":"follow","max-snippet":"max-snippet:-1","max-image-preview":"max-image-preview:large","max-video-preview":"max-video-preview:-1"},"canonical":"https:\/\/www.levoyagedeskoumoul.fr\/","og_locale":"en_US","og_type":"article","og_title":"Site web du Voyage des Koumoul - Vues a\u00e9riennes de nature","og_description":"Nature vue du ciel de Bretagne et d'ailleurs. Le Voyage des Koumoul, une association de vid\u00e9astes ayant pour but d'aider les organismes environnementaux.","og_url":"https:\/\/www.levoyagedeskoumoul.fr\/","og_site_name":"Le Voyage des Koumoul","article_publisher":"https:\/\/www.facebook.com\/levoyagedeskoumoul\/","article_modified_time":"2022-10-02T09:40:00+00:00","og_image":[{"url":"https:\/\/img.youtube.com\/vi\/laKVsfDwM_0\/maxresdefault.jpg"}],"twitter_card":"summary_large_image","twitter_site":"@voyagekoumoul","twitter_misc":{"Est. reading time":"2 minutes"},"schema":{"@context":"https:\/\/schema.org","@graph":[{"@type":"WebPage","@id":"https:\/\/www.levoyagedeskoumoul.fr\/","url":"https:\/\/www.levoyagedeskoumoul.fr\/","name":"Site web du Voyage des Koumoul - Vues a\u00e9riennes de nature","isPartOf":{"@id":"https:\/\/www.levoyagedeskoumoul.fr\/#website"},"datePublished":"2022-09-30T10:28:48+00:00","dateModified":"2022-10-02T09:40:00+00:00","description":"Nature vue du ciel de Bretagne et d'ailleurs. Le Voyage des Koumoul, une association de vid\u00e9astes ayant pour but d'aider les organismes environnementaux.","breadcrumb":{"@id":"https:\/\/www.levoyagedeskoumoul.fr\/#breadcrumb"},"inLanguage":"en-US","potentialAction":[{"@type":"ReadAction","target":["https:\/\/www.levoyagedeskoumoul.fr\/"]}]},{"@type":"BreadcrumbList","@id":"https:\/\/www.levoyagedeskoumoul.fr\/#breadcrumb","itemListElement":[{"@type":"ListItem","position":1,"name":"Accueil","item":"https:\/\/www.levoyagedeskoumoul.fr\/"},{"@type":"ListItem","position":2,"name":"Acceuil backup"}]},{"@type":"WebSite","@id":"https:\/\/www.levoyagedeskoumoul.fr\/#website","url":"https:\/\/www.levoyagedeskoumoul.fr\/","name":"Le Voyage des Koumoul","description":"La Nature vue du Ciel","publisher":{"@id":"https:\/\/www.levoyagedeskoumoul.fr\/#organization"},"potentialAction":[{"@type":"SearchAction","target":{"@type":"EntryPoint","urlTemplate":"https:\/\/www.levoyagedeskoumoul.fr\/?s={search_term_string}"},"query-input":"required name=search_term_string"}],"inLanguage":"en-US"},{"@type":"Organization","@id":"https:\/\/www.levoyagedeskoumoul.fr\/#organization","name":"Le Voyage des Koumoul","url":"https:\/\/www.levoyagedeskoumoul.fr\/","sameAs":["https:\/\/www.youtube.com\/c\/levoyagedeskoumoul","https:\/\/www.facebook.com\/levoyagedeskoumoul\/","https:\/\/twitter.com\/voyagekoumoul"],"logo":{"@type":"ImageObject","inLanguage":"en-US","@id":"https:\/\/www.levoyagedeskoumoul.fr\/#\/schema\/logo\/image\/","url":"https:\/\/www.levoyagedeskoumoul.fr\/wp-content\/uploads\/2019\/01\/LogoNoirKoumoul-e1546469214306.png","contentUrl":"https:\/\/www.levoyagedeskoumoul.fr\/wp-content\/uploads\/2019\/01\/LogoNoirKoumoul-e1546469214306.png","width":187,"height":133,"caption":"Le Voyage des Koumoul"},"image":{"@id":"https:\/\/www.levoyagedeskoumoul.fr\/#\/schema\/logo\/image\/"}}]}},"_links":{"self":[{"href":"https:\/\/www.levoyagedeskoumoul.fr\/index.php\/wp-json\/wp\/v2\/pages\/6741"}],"collection":[{"href":"https:\/\/www.levoyagedeskoumoul.fr\/index.php\/wp-json\/wp\/v2\/pages"}],"about":[{"href":"https:\/\/www.levoyagedeskoumoul.fr\/index.php\/wp-json\/wp\/v2\/types\/page"}],"author":[{"embeddable":true,"href":"https:\/\/www.levoyagedeskoumoul.fr\/index.php\/wp-json\/wp\/v2\/users\/1"}],"replies":[{"embeddable":true,"href":"https:\/\/www.levoyagedeskoumoul.fr\/index.php\/wp-json\/wp\/v2\/comments?post=6741"}],"version-history":[{"count":5,"href":"https:\/\/www.levoyagedeskoumoul.fr\/index.php\/wp-json\/wp\/v2\/pages\/6741\/revisions"}],"predecessor-version":[{"id":6774,"href":"https:\/\/www.levoyagedeskoumoul.fr\/index.php\/wp-json\/wp\/v2\/pages\/6741\/revisions\/6774"}],"wp:attachment":[{"href":"https:\/\/www.levoyagedeskoumoul.fr\/index.php\/wp-json\/wp\/v2\/media?parent=6741"}],"curies":[{"name":"wp","href":"https:\/\/api.w.org\/{rel}","templated":true}]}}